{"id":11,"date":"2024-12-07T10:22:55","date_gmt":"2024-12-07T10:22:55","guid":{"rendered":"https:\/\/www.greenmediaservice.tv\/?page_id=11"},"modified":"2024-12-07T10:22:55","modified_gmt":"2024-12-07T10:22:55","slug":"agb","status":"publish","type":"page","link":"https:\/\/www.greenmediaservice.tv\/?page_id=11","title":{"rendered":"AGB"},"content":{"rendered":"\n<p><strong>\u00a71. Geltung<\/strong><\/p>\n\n\n\n<p>Diese allgemeinen Gesch\u00e4ftbedingungen gelten ausnahmslos f\u00fcr die Rechtsbeziehungen zwischen uns und unseren Kunden, sofern nicht im Einzelfall etwas anderes schriftlich vereinbart ist und sind ab dem Zeitpunkt der Gesch\u00e4ftsanbahnung g\u00fcltig. Unsere AGB kommen in allen Gesch\u00e4ftsf\u00e4llen zur Anwendung.&nbsp;&nbsp;Soweit wir in Auftrag gegebene Leistungen nicht erf\u00fcllen k\u00f6nnen, behalten wir uns das Recht vor, diese f\u00fcr Rechnung und Gefahr des Kunden an ausgew\u00e4hlte Betriebe weiterzugeben.<\/p>\n\n\n\n<p><strong>\u00a72. Angebot und Abschluss<\/strong><\/p>\n\n\n\n<p>Unsere Angebote sind freibleibend und unverbindlich. Fristen und Termine sind grunds\u00e4tzlich voraussichtliche Zeitangaben. Alle Vereinbarungen nach Vertragsabschlu\u00df, auch \u00c4nderungen, Aufhebungen und\/oder Erg\u00e4nzungen, bed\u00fcrfen zu ihrem Zustandekommen unserer schriftlichen Best\u00e4tigung. Auftr\u00e4ge sind jedoch dann ohne unsere schriftliche Best\u00e4tigung angenommen, wenn die vom Kunden in Auftrag gegebene Leistung von uns erbracht worden ist.<\/p>\n\n\n\n<p><strong>\u00a73. Leistung<\/strong><\/p>\n\n\n\n<p>Die Mietgegenst\u00e4nde d\u00fcrfen nur im Rahmen der technischen Bestimmungen und ausschlie\u00dflich von fachkundigen Personen aufgestellt, bedient und abgebaut werden. Der Kunde f\u00fcr die fortw\u00e4hrende Einhaltung aller geltenden Sicherheitsvorschriften und gesetzlicher Auflagen zu erf\u00fcllen.<\/p>\n\n\n\n<p>Bei Sch\u00e4den oder Unf\u00e4llen ist der Mieter oder Fahrer verpflichtet, die Interessen des Vermieters und der Versicherungsgesellschaft wahrzunehmen.<\/p>\n\n\n\n<p>Der Kunde ist verpflichtet, uns \u00fcber den beabsichtigten Verwendungszweck genauestens zu informieren und sich bei \u00dcbernahme bzw. vor Versand oder vor Inbetriebnahme der Ger\u00e4te und des Zubeh\u00f6rs einschlie\u00dflich der Fahrzeuge von deren einwandfreiem Zustand, richtiger Funktion und Vollst\u00e4ndigkeit zu \u00fcberzeugen. Der Kunde ist in jedem Fall verpflichtet, vor der beabsichtigten Inbetriebnahme die Ger\u00e4te vollst\u00e4ndig zu erproben. Die \u00dcbernahme der Ger\u00e4te einschlie\u00dflich der Kraftfahrzeuge gilt als Best\u00e4tigung des einwandfreien und zum vertragsgem\u00e4\u00dfen Gebrauch geeigneten Zustandes.<\/p>\n\n\n\n<p>Der Kunde ist verpflichtet die ihm \u00fcberlassenen Sachen pfleglich zu behandeln. Im Falle der \u00dcberlassung unserer Ger\u00e4te an Dritte, ist der Kunde verpflichtet, die Ger\u00e4te selbst zu versichern und \u2013 unbeschadet seiner eigenen Haftung &#8211; auftretende Schadensf\u00e4lle \u00fcber seine eigene Versicherung abzuwickeln.<\/p>\n\n\n\n<p><strong>\u00a74. Mietzeit<\/strong><\/p>\n\n\n\n<p>Die Mietzeit beginnt mit dem Tage der Auslieferung und endet mit dem Tage der R\u00fcckgabe an unsere Mitarbeiter. Die Mietgeb\u00fchren werden ausschlie\u00dflich nach vollen Tagess\u00e4tzen berechnet. Mindestmietdauer ist in jedem Fall ein Monat. \u00dcberzeiten werden aliquotiert.<\/p>\n\n\n\n<p>Wird ein Auftrag innerhalb von 24 Stunden vor Beginn der vereinbarten Mietzeit storniert, ist eine<\/p>\n\n\n\n<p>Abstandsgeb\u00fchr in H\u00f6he von 50% der gesamten Mietgeb\u00fchren zu zahlen.<\/p>\n\n\n\n<p>Alle Transport- und Verpackungskosten gehen zu Lasten des Kunden. Die R\u00fccksendung hat frei Haus an unsere Adresse zu erfolgen. Der Kunde tr\u00e4gt die Transportgefahr; dies gilt auch f\u00fcr den Fall, dass wir f\u00fcr ihn den Transport \u00fcbernehmen. Der Kunde hat uns eventuelle Sch\u00e4den unverz\u00fcglich anzuzeigen.<\/p>\n\n\n\n<p><strong>\u00a75. Ausfallsch\u00e4den<\/strong><\/p>\n\n\n\n<p>Der Kunde verpflichtet sich, f\u00fcr die Dauer der von ihm zu tragenden Reparaturen oder der Wiederbeschaffung bei Totalschaden oder Verlust, Ersatz in H\u00f6he der Mietgeb\u00fchr zu bezahlen. Die Mietdauer wird grunds\u00e4tzlich dem Datum und der<\/p>\n\n\n\n<p>Uhrzeit nach einzelvertraglich festgelegt. Soweit der Kunde die festgelegten Mietzeiten ohne unsere vorherige schriftliche Genehmigung \u00fcberzieht und daher uns die Gebrauchs\u00fcberlassung des vermieteten Gegenstandes an einen Anschlussmieter unm\u00f6glich ist, haben wir das Recht, Schadenersatz mindestens in H\u00f6he der an uns gerichteten Anspr\u00fcche des Anschlussmieters zu verlangen.<\/p>\n\n\n\n<p><strong>\u00a76. Haftung &amp; Schadensersatz<\/strong><\/p>\n\n\n\n<p>Schadensersatzanspr\u00fcche des Kunden, gleichg\u00fcltig aus welchem Rechtsgrund, insbesondere wegen Schlechterf\u00fcllung, Verletzung von Nebenpflichten und Verschulden bei Vertragsverhandlungen sowie aus unerlaubter Handlung werden ausgeschlossen, soweit der Schaden nicht vors\u00e4tzlich oder grob fahrl\u00e4ssig verursacht wurde. Bei Ausfall des Mietobjekts beschr\u00e4nkt sich der Schadenersatz auf den Mietpreis. Weitere dar\u00fcber hinaus gehende Anspr\u00fcche des Kunden sind ausgeschlossen.<\/p>\n\n\n\n<p>F\u00fcr Sch\u00e4den und Folgesch\u00e4den \u00fcbernimmt der Green Media Service GmbH keinerlei Haftung.<\/p>\n\n\n\n<p><strong>\u00a77. R\u00fcckgabe<\/strong><\/p>\n\n\n\n<p>Mit der R\u00fccknahme der Ger\u00e4te und Kraftfahrzeuge best\u00e4tigen wir nicht, dass diese m\u00e4ngelfrei \u00fcbergeben wurden. Wir behalten uns ausdr\u00fccklich vor, die Ger\u00e4te und Kraftfahrzeuge eingehend zu \u00fcberpr\u00fcfen und bis zur n\u00e4chsten Serviceuntersuchung nach R\u00fcckgabe etwaige M\u00e4ngel und Verluste (Fehlmengen) anzuzeigen.<\/p>\n\n\n\n<p><strong>\u00a78. Rechtswahl &amp; Gerichtsstand&nbsp;<\/strong><\/p>\n\n\n\n<p>Zur Anwendung kommt das \u00f6sterreichische Recht. Gerichtsstandort ist Graz oder Wien, sofern es sich bei dem Kunden um einen Kaufmann, eine juristische Person des \u00f6ffentlichen Rechts oder ein \u00f6ffentlich-rechtliches Sonderverm\u00f6gen handelt.<\/p>\n\n\n\n<p><br><strong>\u00a79. Salvatorische Klausel&nbsp;<\/strong><\/p>\n\n\n\n<p>Sollte eine Bestimmung dieser Allgemeinen Gesch\u00e4ftsbedingungen unwirksam sein, wird davon die Wirksamkeit der \u00fcbrigen Bestimmungen nicht ber\u00fchrt.&nbsp;<\/p>\n","protected":false},"excerpt":{"rendered":"<p>\u00a71. Geltung Diese allgemeinen Gesch\u00e4ftbedingungen gelten ausnahmslos f\u00fcr die Rechtsbeziehungen zwischen uns und unseren Kunden, sofern nicht im Einzelfall etwas anderes schriftlich vereinbart ist und sind ab dem Zeitpunkt der Gesch\u00e4ftsanbahnung g\u00fcltig. Unsere AGB kommen in allen Gesch\u00e4ftsf\u00e4llen zur Anwendung.&nbsp;&nbsp;Soweit wir in Auftrag gegebene Leistungen nicht erf\u00fcllen k\u00f6nnen, behalten wir uns das Recht vor, diese [&hellip;]<\/p>\n","protected":false},"author":1,"featured_media":0,"parent":0,"menu_order":0,"comment_status":"closed","ping_status":"closed","template":"","meta":{"footnotes":""},"class_list":["post-11","page","type-page","status-publish","hentry"],"_links":{"self":[{"href":"https:\/\/www.greenmediaservice.tv\/index.php?rest_route=\/wp\/v2\/pages\/11","targetHints":{"allow":["GET"]}}],"collection":[{"href":"https:\/\/www.greenmediaservice.tv\/index.php?rest_route=\/wp\/v2\/pages"}],"about":[{"href":"https:\/\/www.greenmediaservice.tv\/index.php?rest_route=\/wp\/v2\/types\/page"}],"author":[{"embeddable":true,"href":"https:\/\/www.greenmediaservice.tv\/index.php?rest_route=\/wp\/v2\/users\/1"}],"replies":[{"embeddable":true,"href":"https:\/\/www.greenmediaservice.tv\/index.php?rest_route=%2Fwp%2Fv2%2Fcomments&post=11"}],"version-history":[{"count":1,"href":"https:\/\/www.greenmediaservice.tv\/index.php?rest_route=\/wp\/v2\/pages\/11\/revisions"}],"predecessor-version":[{"id":12,"href":"https:\/\/www.greenmediaservice.tv\/index.php?rest_route=\/wp\/v2\/pages\/11\/revisions\/12"}],"wp:attachment":[{"href":"https:\/\/www.greenmediaservice.tv\/index.php?rest_route=%2Fwp%2Fv2%2Fmedia&parent=11"}],"curies":[{"name":"wp","href":"https:\/\/api.w.org\/{rel}","templated":true}]}}